{"id":207,"date":"2013-08-08T20:34:33","date_gmt":"2013-08-08T20:34:33","guid":{"rendered":"http:\/\/www.atenti.com.br\/wp\/?page_id=207"},"modified":"2013-08-09T21:25:13","modified_gmt":"2013-08-09T21:25:13","slug":"pg-cloud-computing","status":"publish","type":"page","link":"https:\/\/www.atenti.com.br\/wp\/?page_id=207","title":{"rendered":"Cloud Computing"},"content":{"rendered":"<h4>O <strong>Cloud Dedicado<\/strong> \u00e9 uma plataforma virtualizada, com recursos de processamento, mem\u00f3ria, disco e banda distribu\u00eddos em uma nuvem. Esta arquitetura evita a depend\u00eancia de uma \u00fanica m\u00e1quina f\u00edsica e garante processamento isolado para cada cliente.<\/h4>\n<p>Com o <strong>Cloud Dedicado<\/strong>, voc\u00ea tem total controle sobre o ambiente l\u00f3gico do servidor e autonomia para configurar o sistema operacional, ferramentas de banco de dados e seguran\u00e7a, realizar backups e restores por sua conta, de acordo com as necessidades do seu neg\u00f3cio.<\/p>\n","protected":false},"excerpt":{"rendered":"<p>O Cloud Dedicado \u00e9 uma plataforma virtualizada, com recursos de processamento, mem\u00f3ria, disco e banda distribu\u00eddos em uma nuvem. Esta arquitetura evita a depend\u00eancia de uma \u00fanica m\u00e1quina f\u00edsica e garante processamento isolado para cada cliente. Com o Cloud Dedicado, voc\u00ea tem total controle sobre o ambiente l\u00f3gico do servidor e autonomia para configurar o [&hellip;]<\/p>\n","protected":false},"author":1,"featured_media":0,"parent":0,"menu_order":0,"comment_status":"open","ping_status":"open","template":"","meta":[],"_links":{"self":[{"href":"https:\/\/www.atenti.com.br\/wp\/index.php?rest_route=\/wp\/v2\/pages\/207"}],"collection":[{"href":"https:\/\/www.atenti.com.br\/wp\/index.php?rest_route=\/wp\/v2\/pages"}],"about":[{"href":"https:\/\/www.atenti.com.br\/wp\/index.php?rest_route=\/wp\/v2\/types\/page"}],"author":[{"embeddable":true,"href":"https:\/\/www.atenti.com.br\/wp\/index.php?rest_route=\/wp\/v2\/users\/1"}],"replies":[{"embeddable":true,"href":"https:\/\/www.atenti.com.br\/wp\/index.php?rest_route=%2Fwp%2Fv2%2Fcomments&post=207"}],"version-history":[{"count":7,"href":"https:\/\/www.atenti.com.br\/wp\/index.php?rest_route=\/wp\/v2\/pages\/207\/revisions"}],"predecessor-version":[{"id":461,"href":"https:\/\/www.atenti.com.br\/wp\/index.php?rest_route=\/wp\/v2\/pages\/207\/revisions\/461"}],"wp:attachment":[{"href":"https:\/\/www.atenti.com.br\/wp\/index.php?rest_route=%2Fwp%2Fv2%2Fmedia&parent=207"}],"curies":[{"name":"wp","href":"https:\/\/api.w.org\/{rel}","templated":true}]}}