{"id":414,"date":"2013-08-09T15:08:49","date_gmt":"2013-08-09T15:08:49","guid":{"rendered":"http:\/\/www.atenti.com.br\/wp\/?page_id=414"},"modified":"2019-08-27T17:58:32","modified_gmt":"2019-08-27T20:58:32","slug":"hospedagem-sites-e-mail","status":"publish","type":"page","link":"https:\/\/www.atenti.com.br\/wp\/?page_id=414","title":{"rendered":"Hospedagem"},"content":{"rendered":"<p><a href=\"https:\/\/www.atenti.com.br\/wp\/wp-content\/uploads\/2013\/08\/hospedagem-site.jpg\"><img loading=\"lazy\" class=\"wp-image-419 alignright\" src=\"https:\/\/www.atenti.com.br\/wp\/wp-content\/uploads\/2013\/08\/hospedagem-site.jpg\" alt=\"hospedagem-site\" width=\"255\" height=\"190\" srcset=\"https:\/\/www.atenti.com.br\/wp\/wp-content\/uploads\/2013\/08\/hospedagem-site.jpg 319w, https:\/\/www.atenti.com.br\/wp\/wp-content\/uploads\/2013\/08\/hospedagem-site-300x223.jpg 300w, https:\/\/www.atenti.com.br\/wp\/wp-content\/uploads\/2013\/08\/hospedagem-site-80x60.jpg 80w\" sizes=\"(max-width: 255px) 100vw, 255px\" \/><\/a>Agilidade e comprometimento s\u00e3o os diferenciais que nossa estrutura possui. Como todos os nossos clientes hospedados s\u00e3o aqueles para os quais fizemos o site ou, at\u00e9 mesmo, realizamos a mudan\u00e7a integral de hospedagem, sabemos exatamente o conte\u00fado hospedado bem como o perfil de cada um. Isso nos traz a seguran\u00e7a de que nunca teremos um volume que permita que o site saia do ar por uso excessivo ou bloqueio de IP por conte\u00fado indesejado em nossa rede de hospedagem.<\/p>\n<a class=\"button button-small button-small-gray\" href=\"https:\/\/www.atenti.com.br\/wp\/?page_id=89\" target=\"\"><span>Contrate J\u00e1<\/span><\/a>\n\n","protected":false},"excerpt":{"rendered":"<p>Agilidade e comprometimento s\u00e3o os diferenciais que nossa estrutura possui. Como todos os nossos clientes hospedados s\u00e3o aqueles para os quais fizemos o site ou, at\u00e9 mesmo, realizamos a mudan\u00e7a integral de hospedagem, sabemos exatamente o conte\u00fado hospedado bem como o perfil de cada um. Isso nos traz a seguran\u00e7a de que nunca teremos um [&hellip;]<\/p>\n","protected":false},"author":1,"featured_media":0,"parent":0,"menu_order":0,"comment_status":"open","ping_status":"open","template":"","meta":[],"_links":{"self":[{"href":"https:\/\/www.atenti.com.br\/wp\/index.php?rest_route=\/wp\/v2\/pages\/414"}],"collection":[{"href":"https:\/\/www.atenti.com.br\/wp\/index.php?rest_route=\/wp\/v2\/pages"}],"about":[{"href":"https:\/\/www.atenti.com.br\/wp\/index.php?rest_route=\/wp\/v2\/types\/page"}],"author":[{"embeddable":true,"href":"https:\/\/www.atenti.com.br\/wp\/index.php?rest_route=\/wp\/v2\/users\/1"}],"replies":[{"embeddable":true,"href":"https:\/\/www.atenti.com.br\/wp\/index.php?rest_route=%2Fwp%2Fv2%2Fcomments&post=414"}],"version-history":[{"count":8,"href":"https:\/\/www.atenti.com.br\/wp\/index.php?rest_route=\/wp\/v2\/pages\/414\/revisions"}],"predecessor-version":[{"id":736,"href":"https:\/\/www.atenti.com.br\/wp\/index.php?rest_route=\/wp\/v2\/pages\/414\/revisions\/736"}],"wp:attachment":[{"href":"https:\/\/www.atenti.com.br\/wp\/index.php?rest_route=%2Fwp%2Fv2%2Fmedia&parent=414"}],"curies":[{"name":"wp","href":"https:\/\/api.w.org\/{rel}","templated":true}]}}