{"id":50,"date":"2013-08-02T20:19:18","date_gmt":"2013-08-02T20:19:18","guid":{"rendered":"http:\/\/www.atenti.com.br\/wp\/?page_id=50"},"modified":"2019-06-29T09:59:24","modified_gmt":"2019-06-29T12:59:24","slug":"servicos-2","status":"publish","type":"page","link":"https:\/\/www.atenti.com.br\/wp\/?page_id=50","title":{"rendered":"Solu\u00e7\u00f5es"},"content":{"rendered":"<div class=\"offer\">\n<div class=\"item item_left\"><img alt=\"\" \/><\/p>\n<img src=\"\/wp\/wp-content\/uploads\/2013\/08\/CloudComputingFULLsemfundo.png\" alt=\"\" width=\"200\" height=\"200\" \/>\n\n<h3><span style=\"color: #2fe31b;\">COMPUTA\u00c7\u00c3O EM NUVEM<\/span><\/h3>\n<p>Solu\u00e7\u00f5es indicadas para empresas que buscam infraestrutura de TI externa, sem se preocupar com energia, geradores, climatiza\u00e7\u00e3o, seguran\u00e7a, disponibilidade, links, manuten\u00e7\u00f5es e gastos com equipamentos, com \u00f3timo custo-benef\u00edcio e elasticidade para crescimento.<\/p>\n<p><a class=\"button button-small button-small-gray\" href=\"https:\/\/www.atenti.com.br\/wp\" target=\"\"><span>Veja Mais<\/span><\/a>\n<\/div>\n<\/div>\n\n<div class=\"offer\">\n<div class=\"item item_right\"><img alt=\"\" \/><\/p>\n<img src=\"\/wp\/wp-content\/uploads\/2013\/08\/5-Monitoramento-de-Redes-e-Dispositivos.png\" alt=\"\" width=\"200\" height=\"200\" \/>\n\n<h3 style=\"text-align: right;\"><span style=\"color: #2fe31b;\">MONITORAMENTO DE REDES E DISPOSITIVOS<\/span><\/h3>\n<p style=\"text-align: right;\">Monitore equipamentos, dispositivos de rede, qualidade de links, dados \u00a0e aplicativos gerando estat\u00edsticas, gr\u00e1ficos e alarmes de acordo com limites configurados.<\/p>\n<p style=\"text-align: right;\"><a class=\"button button-small button-small-gray\" href=\"https:\/\/www.atenti.com.br\/wp\" target=\"\"><span>Veja Mais<\/span><\/a>\n<\/div>\n<\/div>\n\n<div class=\"offer\">\n<div class=\"item item_left\"><img alt=\"\" \/><\/p>\n<img src=\"\/wp\/wp-content\/uploads\/2013\/08\/3-Infraestrutura-TI.jpg\" alt=\"\" width=\"200\" height=\"200\" \/>\n\n<h3><span style=\"color: #2fe31b;\">INFRAESTRUTURA DE TI<\/span><\/h3>\n<p>Solu\u00e7\u00f5es completas e customizadas em Infraestrutura de TI que garantem o armazenamento f\u00edsico, gerenciamento, seguran\u00e7a e qualidade.<\/p>\n<p><a class=\"button button-small button-small-gray\" href=\"https:\/\/www.atenti.com.br\/wp\/?portfolio=infra\" target=\"\"><span>Veja Mais<\/span><\/a>\n<\/div>\n<\/div>\n\n<div class=\"offer\">\n<div class=\"item item_right\"><img alt=\"\" \/><\/p>\n<img src=\"\/wp\/wp-content\/uploads\/2013\/08\/Web-Hosting.png\" alt=\"\" width=\"200\" height=\"200\" \/>\n\n<h3 style=\"text-align: right;\"><span style=\"color: #2fe31b;\">HOSPEDAGEM E REGISTRO DE DOM\u00cdNIOS<\/span><\/h3>\n<p style=\"text-align: right;\">o Dom\u00ednio \u00e9 o endere\u00e7o do seu site na Internet e tamb\u00e9m a forma mais r\u00e1pida de ser encontrado na Web.<\/p>\n<p style=\"text-align: right;\"><a class=\"button button-small button-small-gray\" href=\"https:\/\/www.atenti.com.br\/wp\" target=\"\"><span>Veja Mais<\/span><\/a>\n<\/div>\n<\/div>\n\n<div class=\"offer\">\n<div class=\"item item_left\"><img alt=\"\" \/><\/p>\n<img src=\"\/wp\/wp-content\/uploads\/2013\/08\/SolucoesFULLsemfundo.png\" alt=\"\" width=\"200\" height=\"200\" \/>\n\n<h3><span style=\"color: #2fe31b;\">SOLU\u00c7\u00d5ES RURAIS E REMOTAS<\/span><\/h3>\n<p>Energia Solar e meios de comunica\u00e7\u00e3o em S\u00edtios, Fazendas, Minera\u00e7\u00f5es, e \u00c1reas Rurais Remotas.<\/p>\n<p><a class=\"button button-small button-small-gray\" href=\"https:\/\/www.atenti.com.br\/wp\/?portfolio=sinal-de-celular\" target=\"\"><span>Veja Mais<\/span><\/a>\n<\/div>\n<\/div>\n\n<div class=\"offer\">\n<div class=\"item item_right\"><img alt=\"\" \/><\/p>\n<img src=\"\/wp\/wp-content\/uploads\/2013\/08\/RedesFULL640x480.png\" alt=\"\" width=\"200\" height=\"200\" \/>\n\n<h3 style=\"text-align: right;\"><span style=\"color: #2fe31b;\">REDES DE COMPUTADORES<\/span><\/h3>\n<p style=\"text-align: right;\">Garantir a comunica\u00e7\u00e3o em rede cabeada e wireless de maneira simples, segura e livre de problemas para todas as necessidades do seu neg\u00f3cio.<\/p>\n<p style=\"text-align: right;\"><a class=\"button button-small button-small-gray\" href=\"https:\/\/www.atenti.com.br\/wp\" target=\"\"><span>Veja Mais<\/span><\/a>\n<\/div>\n<\/div>\n\n<div class=\"offer\">\n<div class=\"item item_left\"><img alt=\"\" \/><\/p>\n<img src=\"\/wp\/wp-content\/uploads\/2013\/08\/6-Projetos-Personalizados.png\" alt=\"\" width=\"200\" height=\"200\" \/>\n\n<h3><span style=\"color: #2fe31b;\">PROJETOS PERSONALIZADOS<\/span><\/h3>\n<p>Projetos de TI sob medida, qualidade, seguran\u00e7a e disponibilidade tornando seu projeto \u00fanico e exclusivo.<\/p>\n<p><a class=\"button button-small button-small-gray\" href=\"https:\/\/www.atenti.com.br\/wp\/?page_id=93\" target=\"\"><span>Veja Mais<\/span><\/a>\n<\/div>\n<\/div>\n\n<div class=\"offer\">\n<div class=\"item item_right\"><img alt=\"\" \/><\/p>\n<img src=\"\/wp\/wp-content\/uploads\/2013\/08\/DNSDinamicoFULLsemfundo1.png\" alt=\"\" width=\"200\" height=\"200\" \/>\n\n<h3 style=\"text-align: right;\"><span style=\"color: #2fe31b;\">DNS DIN\u00c2MICO<\/span><\/h3>\n<p style=\"text-align: right;\">Transforme seu endere\u00e7o de Conex\u00e3o de Internet (IP) em um nome curto e de F\u00e1cil memoriza\u00e7\u00e3o. Muito utilizado em Acessos Remotos e C\u00e2meras de Monitoramento.<\/p>\n<p style=\"text-align: right;\"><a class=\"button button-small button-small-gray\" href=\"https:\/\/muffingroup.com\" target=\"\"><span>Veja Mais<\/span><\/a>\n<\/div>\n<\/div>\n\n<div class=\"offer\">\n<div class=\"item item_left\"><img alt=\"\" \/><\/p>\n<img src=\"\/wp\/wp-content\/uploads\/2013\/08\/SuporteFULLsemfundo1.png\" alt=\"\" width=\"200\" height=\"200\" \/>\n\n<h3><span style=\"color: #2fe31b;\">SUPORTE T\u00c9CNICO E CONTRATOS DE MANUTEN\u00c7\u00c3O<\/span><\/h3>\n<p>Tenha sempre uma equipe t\u00e9cnica \u00a0\u00e0 sua disposi\u00e7\u00e3o para resolver os problemas de TI reduzindo imprevistos e custos com m\u00e3o de obra.<\/p>\n<p><a class=\"button button-small button-small-gray\" href=\"https:\/\/www.atenti.com.br\/wp\" target=\"\"><span>Veja Mais<\/span><\/a>\n<\/div>\n<\/div>\n\n<div class=\"offer\">\n<div class=\"item item_right\"><img alt=\"\" \/><\/p>\n<img src=\"\/wp\/wp-content\/uploads\/2013\/08\/ServidoresFULLsemfundo.png\" alt=\"\" width=\"200\" height=\"200\" \/>\n\n<h3 style=\"text-align: right;\"><span style=\"color: #2fe31b;\">SERVIDORES LINUX E WINDOWS<\/span><\/h3>\n<p style=\"text-align: right;\">Servidores de Arquivos, Firewall, Web, Email, Banco de Dados, Backup, Virtualiza\u00e7\u00e3o, VoIP, QoS, VPN, entre outros.<\/p>\n<p style=\"text-align: right;\"><a class=\"button button-small button-small-gray\" href=\"https:\/\/www.atenti.com.br\/wp\/?page_id=93\" target=\"\"><span>Veja Mais<\/span><\/a>\n<\/div>\n<\/div>\n\n<div class=\"offer\">\n<div class=\"item item_left\"><img alt=\"\" \/><\/p>\n<img src=\"\/wp\/wp-content\/uploads\/2013\/08\/7-Redundancia-Links.png\" alt=\"\" width=\"200\" height=\"200\" \/>\n\n<h3><span style=\"color: #2fe31b;\">REDUND\u00c2NCIA DE LINKS<\/span><\/h3>\n<p>Garantir duas ou mais conex\u00f5es de Internet para a mesma rede garantindo o acesso em caso de falhas ou quedas de conex\u00e3o.<\/p>\n<p><a class=\"button button-small button-small-gray\" href=\"https:\/\/www.atenti.com.br\/wp\/?portfolio=redundancia-de-links\" target=\"\"><span>Veja Mais<\/span><\/a>\n<\/div>\n<\/div>\n\n<div class=\"offer\">\n<div class=\"item item_right\"><img alt=\"\" \/><\/p>\n<img src=\"\/wp\/wp-content\/uploads\/2013\/12\/gpslocaltime_icon.png\" alt=\"\" width=\"200\" height=\"200\" \/>\n\n<h3><span style=\"color: #2fe31b;\">RASTREAMENTO GPS<\/span><\/h3>\n<p>Software para Rastreamento, com gerenciamento de frota, log\u00edstica e telemetria.<\/p>\n<p><a class=\"button button-small button-small-gray\" href=\"https:\/\/www.atenti.com.br\/wp\/?page_id=572\" target=\"\"><span>Veja Mais<\/span><\/a>\n<\/div>\n<\/div>\n\n","protected":false},"excerpt":{"rendered":"","protected":false},"author":1,"featured_media":0,"parent":0,"menu_order":0,"comment_status":"open","ping_status":"open","template":"template-sidebar-right.php","meta":[],"_links":{"self":[{"href":"https:\/\/www.atenti.com.br\/wp\/index.php?rest_route=\/wp\/v2\/pages\/50"}],"collection":[{"href":"https:\/\/www.atenti.com.br\/wp\/index.php?rest_route=\/wp\/v2\/pages"}],"about":[{"href":"https:\/\/www.atenti.com.br\/wp\/index.php?rest_route=\/wp\/v2\/types\/page"}],"author":[{"embeddable":true,"href":"https:\/\/www.atenti.com.br\/wp\/index.php?rest_route=\/wp\/v2\/users\/1"}],"replies":[{"embeddable":true,"href":"https:\/\/www.atenti.com.br\/wp\/index.php?rest_route=%2Fwp%2Fv2%2Fcomments&post=50"}],"version-history":[{"count":64,"href":"https:\/\/www.atenti.com.br\/wp\/index.php?rest_route=\/wp\/v2\/pages\/50\/revisions"}],"predecessor-version":[{"id":732,"href":"https:\/\/www.atenti.com.br\/wp\/index.php?rest_route=\/wp\/v2\/pages\/50\/revisions\/732"}],"wp:attachment":[{"href":"https:\/\/www.atenti.com.br\/wp\/index.php?rest_route=%2Fwp%2Fv2%2Fmedia&parent=50"}],"curies":[{"name":"wp","href":"https:\/\/api.w.org\/{rel}","templated":true}]}}