{"id":8,"date":"2013-08-02T18:49:56","date_gmt":"2013-08-02T18:49:56","guid":{"rendered":"http:\/\/www.atenti.com.br\/wp\/?page_id=8"},"modified":"2020-10-07T11:00:50","modified_gmt":"2020-10-07T14:00:50","slug":"home","status":"publish","type":"page","link":"https:\/\/www.atenti.com.br\/wp\/","title":{"rendered":"Home"},"content":{"rendered":"<div class=\"col one_fourth\"><div class=\"homepage-box clearfix\">\n<h3>Chamados<\/h3>\n<img src=\"https:\/\/www.atenti.com.br\/wp\/wp-content\/uploads\/2013\/08\/SuporteAjuda.png\" alt=\"\" width=\"175\" height=\"175\" \/>\n\n<p>J\u00e1 \u00e9 cliente? Fa\u00e7a login em:<\/p>\n<p><a class=\"button button-small button-small-gray\" href=\"https:\/\/atenti.tomticket.com\/\" target=\"\"><span>Painel do Cliente<\/span><\/a>\n <\/div>\n<\/div>\n\n<div class=\"col one_fourth\"><div class=\"homepage-box clearfix\">\n<h3>Contratos<\/h3>\n<img src=\"https:\/\/www.atenti.com.br\/wp\/wp-content\/uploads\/2013\/08\/start_inhalte-e1376002478681.png\" alt=\"\" width=\"175\" height=\"175\" \/>\n\n<p>Atendimento Exclusivo?<\/p>\n<p><a class=\"button button-small button-small-gray\" href=\"https:\/\/www.atenti.com.br\/wp\/?page_id=89\" target=\"\"><span>Quero!<\/span><\/a>\n\u00a0<\/div>\n<\/div>\n\n<div class=\"col one_fourth\"><div class=\"homepage-box clearfix\">\n<h3>Qualidade<\/h3>\n<img src=\"https:\/\/www.atenti.com.br\/wp\/wp-content\/uploads\/2013\/08\/WhitePeopleGarantia170x175.png\" alt=\"\" width=\"175\" height=\"175\" \/>\n\n<p>Garantia de Qualidade.<\/p>\n<p><a class=\"button button-small button-small-gray\" href=\"https:\/\/www.atenti.com.br\/wp\" target=\"\"><span>Detalhes<\/span><\/a>\n\u00a0<\/div>\n<\/div>\n\n<div class=\"col one_fourth last\"><div class=\"homepage-box clearfix\">\n<h3>Restrito<\/h3>\n<img src=\"https:\/\/www.atenti.com.br\/wp\/wp-content\/uploads\/2013\/08\/cadeado.png\" alt=\"\" width=\"175\" height=\"175\" \/>\n\n<p>Acesso \u00c1rea Restrita.<\/p>\n<p><a class=\"button button-small button-small-gray\" href=\"https:\/\/www.atenti.com.br\/wp\/acesso\/index.html\" target=\"\"><span>Acessar<\/span><\/a>\n <\/div>\n<\/div>\n\n<p><!--more--><\/p>\n<p><!--more--><!--more--><!--more--><!--more--><!--more--><\/p>\n<p>&nbsp;<\/p>\n<p>&nbsp;<\/p>\n<div class=\"row clearfix\">\n<div id=\"homepage-features\"><h3>Hospedagem<\/h3><h5>O dom\u00ednio \u00e9 o endere\u00e7o do seu site na internet e a forma mais r\u00e1pida de ser encontrado na Web.<\/h5><ul><li><img src=\"https:\/\/www.atenti.com.br\/wp\/wp-content\/uploads\/2013\/08\/hospedagem120x90.jpg\" alt=\"\" \/><div class=\"ins\">\n<h5>B\u00e1sico<\/h5> Publique seu site na Internet de forma econ\u00f4mica.<a href=\"https:\/\/www.atenti.com.br\/wp\/?page_id=414\">Veja Mais...<\/a><\/div>\n<\/li>\n<li><img src=\"https:\/\/www.atenti.com.br\/wp\/wp-content\/uploads\/2013\/08\/hospedagem120x90.jpg\" alt=\"\" \/><div class=\"ins\">\n<h5>Intermedi\u00e1rio<\/h5> Melhor Custo x Benef\u00edcio para Empresas que est\u00e3o inciando. <a href=\"https:\/\/www.atenti.com.br\/wp\/?page_id=414\">Veja Mais...<\/a><\/div>\n<\/li>\n<li class=\"clearfix\"><img src=\"https:\/\/www.atenti.com.br\/wp\/wp-content\/uploads\/2013\/08\/hospedagem120x90.jpg\" alt=\"\" \/><div class=\"ins\">\n<h5>Avan\u00e7ado<\/h5> Para casos com necessidade e recursos extras. <a href=\"https:\/\/www.atenti.com.br\/wp\/?page_id=414\">Veja Mais...<\/a><\/div>\n<\/li>\n<\/ul> <a class=\"help\" href=\"https:\/\/www.atenti.com.br\/wp\/?page_id=89\">Precisa de Ajuda?<\/a> <a class=\"button button-small button-small-gray rs\" href=\"https:\/\/www.atenti.com.br\/wp\/?page_id=89\"><span>Outras Solu\u00e7\u00f5es<\/span><\/a><\/div>\n\n<\/div>\n\n<p>&nbsp;<\/p>\n<p><script type=\"text\/javascript\">\/\/ <![CDATA[\nvar url= 'https:\/\/atenti.tomticket.com\/scripts-chat\/chat.min.js'\n+ '?id=EP16572'\n+ '&#038;autoOpen=0'\n+ '&#038;hideWhenOffline=0'\n+ '&#038;d=atenti'\n+ '&#038;ts=' + new Date().getTime() + '&#038;ref=' + encodeURIComponent(document.URL); document.writeln(' <scr' + 'ipt src=\"'+url+'\" type=\"text\\\/javascript\">' + ' <\\\/scr' + 'ipt>');\n\/\/ ]]><\/script><\/p>\n","protected":false},"excerpt":{"rendered":"","protected":false},"author":1,"featured_media":0,"parent":0,"menu_order":0,"comment_status":"open","ping_status":"open","template":"template-home.php","meta":[],"_links":{"self":[{"href":"https:\/\/www.atenti.com.br\/wp\/index.php?rest_route=\/wp\/v2\/pages\/8"}],"collection":[{"href":"https:\/\/www.atenti.com.br\/wp\/index.php?rest_route=\/wp\/v2\/pages"}],"about":[{"href":"https:\/\/www.atenti.com.br\/wp\/index.php?rest_route=\/wp\/v2\/types\/page"}],"author":[{"embeddable":true,"href":"https:\/\/www.atenti.com.br\/wp\/index.php?rest_route=\/wp\/v2\/users\/1"}],"replies":[{"embeddable":true,"href":"https:\/\/www.atenti.com.br\/wp\/index.php?rest_route=%2Fwp%2Fv2%2Fcomments&post=8"}],"version-history":[{"count":170,"href":"https:\/\/www.atenti.com.br\/wp\/index.php?rest_route=\/wp\/v2\/pages\/8\/revisions"}],"predecessor-version":[{"id":748,"href":"https:\/\/www.atenti.com.br\/wp\/index.php?rest_route=\/wp\/v2\/pages\/8\/revisions\/748"}],"wp:attachment":[{"href":"https:\/\/www.atenti.com.br\/wp\/index.php?rest_route=%2Fwp%2Fv2%2Fmedia&parent=8"}],"curies":[{"name":"wp","href":"https:\/\/api.w.org\/{rel}","templated":true}]}}