{"id":93,"date":"2013-08-05T12:55:20","date_gmt":"2013-08-05T12:55:20","guid":{"rendered":"http:\/\/www.atenti.com.br\/wp\/?page_id=93"},"modified":"2013-08-24T14:16:36","modified_gmt":"2013-08-24T14:16:36","slug":"solucoes","status":"publish","type":"page","link":"https:\/\/www.atenti.com.br\/wp\/?page_id=93","title":{"rendered":"Servi\u00e7os"},"content":{"rendered":"<div class=\"features\">\n<ul class=\"clearfix\"><li>\n<img src=\"\/wp\/wp-content\/uploads\/2013\/08\/servidor-mail.jpg\" width=\"60\" height=\"60\" alt=\"\" \/>\n<div class=\"ins\">\n<h5>Servidores de E-mail<\/h5>Poderosa ferramenta no gerenciamento de envio e recebimento de e-mails. controles de SPAM, seguran\u00e7a e suporte a protocolos IMAP e POP que possibilita e utiliza\u00e7\u00e3o em dispositivos moveis.<\/div>\n<\/li><li>\n<img src=\"\/wp\/wp-content\/uploads\/2013\/08\/backup.jpg\" width=\"60\" height=\"60\" alt=\"\" \/>\n<div class=\"ins\">\n<h5>Servidores de Backup<\/h5> Esse Servi\u00e7o oferece rotinas de backup autom\u00e1ticas e customizada, envio de relat\u00f3rios, redund\u00e2ncia e seguran\u00e7a. <\/div>\n<\/li><li class=\" last\"><img src=\"\/wp\/wp-content\/uploads\/2013\/08\/virtualization.png\" width=\"60\" height=\"60\" alt=\"\" \/>\n<div class=\"ins\">\n<h5>Virtualiza\u00e7\u00e3o de Servidores<\/h5> Permite a execu\u00e7\u00e3o de v\u00e1rios sistemas operacionais de maneira concorrente em um \u00fanico servidor. Otimize os recursos de hardware, espa\u00e7o f\u00edsico, investimentos, manuten\u00e7\u00f5es e recupera\u00e7\u00e3o de desastres.\u00a0<\/div>\n<\/li><\/ul>\n<\/div>\n\n<div class=\"features\">\n<ul class=\"clearfix\"><li>\n<img src=\"\/wp\/wp-content\/uploads\/2013\/08\/Server_linux.png\" width=\"60\" height=\"60\" alt=\"\" \/>\n<div class=\"ins\">\n<h5>Servidores Linux<\/h5> Servidores de Arquivos, Firewall, Web, Email, Banco de Dados, Backup, entre outros!.<\/div>\n<\/li><li>\n<img src=\"\/wp\/wp-content\/uploads\/2013\/08\/Server_windows.jpg\" width=\"60\" height=\"60\" alt=\"\" \/>\n<div class=\"ins\">\n<h5>Servidores Windows<\/h5> Servidores de Arquivos, Active Directory, Controlador de Dom\u00ednio, Banco de Dados, entre outros.<\/div>\n<\/li><li class=\" last\"><img src=\"\/wp\/wp-content\/uploads\/2013\/08\/7-Redundancia-Links.png\" width=\"60\" height=\"60\" alt=\"\" \/>\n<div class=\"ins\">\n<h5>FailOver - Load Balance<\/h5> Gerenciar duas ou mais conex\u00f5es de internet para mesma rede garantindo o acesso em caso de falhas ou quedas de conex\u00e3o. <\/div>\n<\/li><\/ul>\n<\/div>\n\n<div class=\"features\">\n<ul class=\"clearfix\"><li>\n<img src=\"\/wp\/wp-content\/uploads\/2013\/08\/pecas-computadores.jpg\" width=\"60\" height=\"60\" alt=\"\" \/>\n<div class=\"ins\">\n<h5>Perif\u00e9ricos<\/h5> Roteadores, Placas de Redes, Switch Gerenci\u00e1veis, Adaptadores Wi-Fi, Access Point, etc. <\/div>\n<\/li><li>\n<img src=\"\/wp\/wp-content\/uploads\/2013\/08\/wireless.jpg\" width=\"60\" height=\"60\" alt=\"\" \/>\n<div class=\"ins\">\n<h5>Redes Wireless<\/h5> Interliga\u00e7\u00e3o de Empresas ponto a ponto. Pontos de Acesso coletivo e publico com autentica\u00e7\u00f5es por usu\u00e1rio e senha individuais. Muito utilizado em Clubes, Eventos, Hoteis, Pra\u00e7as, etc.<\/div>\n<\/li><li class=\" last\"><img src=\"\/wp\/wp-content\/uploads\/2013\/08\/AtenTI-WALL.jpg\" width=\"60\" height=\"60\" alt=\"\" \/>\n<div class=\"ins\">\n<h5>AtenTI-WALL<\/h5>Firewall com gerenciamento via WEB. Regas de bloqueio, Filtros, Proxy, Logs, Relat\u00f3rios de Acesso, Monitoramento.<\/div>\n<\/li><\/ul>\n<\/div>\n\n<div class=\"features\">\n<ul class=\"clearfix\"><li>\n<img src=\"\/wp\/wp-content\/uploads\/2013\/08\/120618_007_290X230.jpeg\" width=\"55\" height=\"48\" alt=\"\" \/>\n<div class=\"ins\">\n<h5>AtenTI-CloudBKP<\/h5>S\u00e3o Servidores de Backup na Nuvem, onde os dados permanecem em um local seguro, climatizado e com alta disponibilidade de funcionamento. Expans\u00edvel e configurado de acordo com a necessidade do Cliente e volume de informa\u00e7\u00f5es.<\/div>\n<\/li><li>\n<img src=\"\/wp\/wp-content\/uploads\/2013\/08\/voip.png\" width=\"60\" height=\"60\" alt=\"\" \/>\n<div class=\"ins\">\n<h5>AtenTI-VoIP<\/h5> Reduza custos de tarifa\u00e7\u00e3o com a implanta\u00e7\u00e3o de Voz sobre IP. Muito utilizado em comunica\u00e7\u00f5es entre Matriz-Filial falando a custo ZERO.<\/div>\n<\/li><li class=\" last\"><img src=\"\/wp\/wp-content\/uploads\/2013\/08\/ticket.png\" width=\"60\" height=\"60\" alt=\"\" \/>\n<div class=\"ins\">\n<h5>AtenTI-HelpDesk<\/h5>Solu\u00e7\u00e3o para registros de abertura de Tickts para Suporte T\u00e9cnico. Desenvolvido em Plataforma WEB com Relat\u00f3rio Gerencial, envio de e-mails e alertas e hist\u00f3ricos de atendimento. <\/div>\n<\/li><\/ul>\n<\/div>\n\n<div class=\"features\">\n<ul class=\"clearfix\"><li>\n<img src=\"\/wp\/wp-content\/uploads\/2013\/08\/dokuwiki.png\" width=\"60\" height=\"60\" alt=\"\" \/>\n<div class=\"ins\">\n<h5>AtenTI-WiKi<\/h5> Documente os procedimentos e formalize os Manuais deixando-o dispon\u00edvel na internet. Possbilita tamb\u00e9m o controle de acesso as informa\u00e7\u00f5es atrav\u00e9s autentica\u00e7\u00e3o de senhas.<\/div>\n<\/li><li>\n<img src=\"\/wp\/wp-content\/uploads\/2013\/08\/hospedagem.jpg\" width=\"60\" height=\"60\" alt=\"\" \/>\n<div class=\"ins\">\n<h5>Hospedagem de Site e E-mail<\/h5> Hospede sites e e-mails de maneira R\u00e1pida, Funcional e Segura. Em poucos instantes, sua empresa j\u00e1 pode estar disponivel na Internet.<\/div>\n<\/li><li class=\" last\"><img src=\"\/wp\/wp-content\/uploads\/2013\/08\/Repetidor.jpg\" width=\"60\" height=\"60\" alt=\"\" \/>\n<div class=\"ins\">\n<h5>Repetidores de Celular<\/h5>Amplifique os sinais da operadora de Celular com uma simples e r\u00e1pida instala\u00e7\u00e3o. Homolagado e Licenciado pela ANATEL. Muito utilizado em Minera\u00e7\u00f5es, Fazendas e Chac\u00e1ras onde o sinal \u00e9 fraco e inst\u00e1vel.<\/div>\n<\/li><\/ul>\n<\/div>\n\n<p>&nbsp;<\/p>\n<div class=\"features\">\n<ul class=\"clearfix\"><li>\n<img src=\"\/wp\/wp-content\/uploads\/2013\/08\/MySQL60x60.png\" width=\"60\" height=\"60\" alt=\"\" \/>\n<div class=\"ins\">\n<h5>Banco Dados MySQL<\/h5> Instala\u00e7\u00e3o e configura\u00e7\u00e3o de Banco de Dados MySQL. <\/div>\n<\/li><li>\n<img src=\"\/wp\/wp-content\/uploads\/2013\/08\/postgre_sql60x60.png\" width=\"60\" height=\"60\" alt=\"\" \/>\n<div class=\"ins\">\n<h5>Banco Dados PostgreSQL<\/h5>\u00a0Instala\u00e7\u00e3o e configura\u00e7\u00e3o de Banco de Dados PostgreSQL. <\/div>\n<\/li><li class=\" last\"><img src=\"\/wp\/wp-content\/uploads\/2013\/08\/firebird.jpg\" width=\"60\" height=\"60\" alt=\"\" \/>\n<div class=\"ins\">\n<h5>Banco Dados Firebird<\/h5> Instala\u00e7\u00e3o e configura\u00e7\u00e3o de Banco de Dados Firebird.\u00a0<\/div>\n<\/li><\/ul>\n<\/div>\n\n<p><div class=\"features\">\n<ul class=\"clearfix\"><li>\n<img src=\"\/wp\/wp-content\/uploads\/2013\/08\/WebHosting.png\" width=\"60\" height=\"60\" alt=\"\" \/>\n<div class=\"ins\">\n<h5>Registro de Dom\u00ednios<\/h5> O dom\u00ednio \u00e9 o endere\u00e7o do seu site na internet e a forma mais r\u00e1pida de ser encontrado na Web. Registre j\u00e1!<\/div>\n<\/li><li>\n<img src=\"\/wp\/wp-content\/uploads\/2013\/08\/SolucoesFULLsemfundo.png\" width=\"60\" height=\"60\" alt=\"\" \/>\n<div class=\"ins\">\n<h5>Solu\u00e7\u00f5es Rurais e Remotas<\/h5> Meios de comunica\u00e7\u00f5es em fazendas, minera\u00e7\u00f5es e areas rurais remotas.<\/div>\n<\/li><li class=\" last\"><img src=\"\/wp\/wp-content\/uploads\/2013\/08\/RedesFULLsemfundo.png\" width=\"60\" height=\"60\" alt=\"\" \/>\n<div class=\"ins\">\n<h5>Redes de Computadores<\/h5>\u00a0Garantir a comunica\u00e7\u00e3o em rede de maneira simples, segura e livre de problemas para todas necessidades do seu neg\u00f3cio. <\/div>\n<\/li><\/ul>\n<\/div>\n<br \/>\n<div class=\"features\">\n<ul class=\"clearfix\"><li>\n<img src=\"\/wp\/wp-content\/uploads\/2013\/08\/ProjetosPersonalizados.png\" width=\"60\" height=\"60\" alt=\"\" \/>\n<div class=\"ins\">\n<h5>Projetos Personalizados<\/h5> Projetos de TI sob medida, qualidade, seguran\u00e7a e disponbilidade tornando seu projeto \u00fanico e exclusivo.<\/div>\n<\/li><li>\n<img src=\"\/wp\/wp-content\/uploads\/2013\/08\/DNSDinamicoFULLsemfundo.png\" width=\"60\" height=\"60\" alt=\"\" \/>\n<div class=\"ins\">\n<h5>DNS Din\u00e2mico<\/h5> Transforme seu endere\u00e7o de Conex\u00e3o de Internet (IP) em um nome curto e de f\u00e1cil memoriza\u00e7\u00e3o. Muito utilizado em Sistemas de Seguran\u00e7a (DVR, NVR e IP Cam) e Acessos Remotos.<\/div>\n<\/li><li class=\" last\"><img src=\"\/wp\/wp-content\/uploads\/2013\/08\/SuporteFULLsemfundo.png\" width=\"60\" height=\"60\" alt=\"\" \/>\n<div class=\"ins\">\n<h5>Suporte T\u00e9cico<\/h5> Tenha sempre uma equipe t\u00e9cnica \u00e0 sua disposi\u00e7\u00e3o para resolver os problemas de TI reduzindo os custo com m\u00e3o de obra. <\/div>\n<\/li><\/ul>\n<\/div>\n<\/p>\n<p>&nbsp;<\/p>\n<div class=\"features\">\n<ul class=\"clearfix\"><li>\n<img src=\"\/wp\/wp-content\/uploads\/2013\/08\/vpn1.jpg\" width=\"60\" height=\"60\" alt=\"\" \/>\n<div class=\"ins\">\n<h5>VPN<\/h5>Interliga\u00e7\u00e3o de filiais e pontos externos atraves da internet convencional, onde os colaboradores necessitam estar em uma mesma rede. Suporta n\u00edveis de criptografia e compacta\u00e7\u00e3o de dados para seguran\u00e7a e economia de banda de internet.<\/div>\n<\/li><li>\n<img src=\"\/wp\/wp-content\/uploads\/2013\/08\/MessagesIconX60x60.png\" width=\"60\" height=\"60\" alt=\"\" \/>\n<div class=\"ins\">\n<h5>AtenTI-Chat<\/h5>Comunicadores de Texto, Audio e V\u00eddeo para Empresas que necessitam registras a comunica\u00e7\u00e3o interna\/externa a e obter relat\u00f3rios de uso e hist\u00f3ricos de conversa.<\/div>\n<\/li><li class=\" last\"><img src=\"\/wp\/wp-content\/uploads\/2013\/08\/MessagesIconX60x60.png\" width=\"60\" height=\"60\" alt=\"\" \/>\n<div class=\"ins\">\n<h5>Migra\u00e7\u00e3o de e-mails<\/h5>Desenvolver Texto<\/div>\n<\/li><\/ul>\n<\/div>\n\n","protected":false},"excerpt":{"rendered":"<p>&nbsp; &nbsp;<\/p>\n","protected":false},"author":1,"featured_media":0,"parent":0,"menu_order":0,"comment_status":"open","ping_status":"open","template":"","meta":[],"_links":{"self":[{"href":"https:\/\/www.atenti.com.br\/wp\/index.php?rest_route=\/wp\/v2\/pages\/93"}],"collection":[{"href":"https:\/\/www.atenti.com.br\/wp\/index.php?rest_route=\/wp\/v2\/pages"}],"about":[{"href":"https:\/\/www.atenti.com.br\/wp\/index.php?rest_route=\/wp\/v2\/types\/page"}],"author":[{"embeddable":true,"href":"https:\/\/www.atenti.com.br\/wp\/index.php?rest_route=\/wp\/v2\/users\/1"}],"replies":[{"embeddable":true,"href":"https:\/\/www.atenti.com.br\/wp\/index.php?rest_route=%2Fwp%2Fv2%2Fcomments&post=93"}],"version-history":[{"count":83,"href":"https:\/\/www.atenti.com.br\/wp\/index.php?rest_route=\/wp\/v2\/pages\/93\/revisions"}],"predecessor-version":[{"id":537,"href":"https:\/\/www.atenti.com.br\/wp\/index.php?rest_route=\/wp\/v2\/pages\/93\/revisions\/537"}],"wp:attachment":[{"href":"https:\/\/www.atenti.com.br\/wp\/index.php?rest_route=%2Fwp%2Fv2%2Fmedia&parent=93"}],"curies":[{"name":"wp","href":"https:\/\/api.w.org\/{rel}","templated":true}]}}